{"id":632,"date":"2022-04-09T09:00:30","date_gmt":"2022-04-09T06:00:30","guid":{"rendered":"http:\/\/test.kriesi.at\/enfold-2017\/?page_id=632"},"modified":"2022-04-27T10:35:01","modified_gmt":"2022-04-27T07:35:01","slug":"kontakt","status":"publish","type":"page","link":"https:\/\/elecord.ee\/?page_id=632","title":{"rendered":"KONTAKT"},"content":{"rendered":"\n<style type=\"text\/css\" data-created_by=\"avia_inline_auto\" id=\"style-css-av-36cp3s-7080f126b86063187903ca3114c4cd73\">\n.avia-section.av-36cp3s-7080f126b86063187903ca3114c4cd73 .av-extra-border-element .av-extra-border-inner{\nbackground-color:#ffffff;\n}\n<\/style>\n<div id='av_section_1'  class='avia-section av-36cp3s-7080f126b86063187903ca3114c4cd73 main_color avia-section-large avia-no-border-styling  avia-builder-el-0  avia-builder-el-no-sibling  avia-bg-style-scroll av-arrow-down-section container_wrap sidebar_right'  ><div class='container av-section-cont-open' ><main  role=\"main\" itemprop=\"mainContentOfPage\"  class='template-page content  av-content-small alpha units'><div class='post-entry post-entry-type-page post-entry-632'><div class='entry-content-wrapper clearfix'>\n\n<style type=\"text\/css\" data-created_by=\"avia_inline_auto\" id=\"style-css-av-2zyztc-2376defff2a65bc6499396457182a0dd\">\n#top .av-special-heading.av-2zyztc-2376defff2a65bc6499396457182a0dd{\npadding-bottom:20px;\nfont-size:40px;\n}\nbody .av-special-heading.av-2zyztc-2376defff2a65bc6499396457182a0dd .av-special-heading-tag .heading-char{\nfont-size:25px;\n}\n#top #wrap_all .av-special-heading.av-2zyztc-2376defff2a65bc6499396457182a0dd .av-special-heading-tag{\nfont-size:40px;\n}\n.av-special-heading.av-2zyztc-2376defff2a65bc6499396457182a0dd .av-subheading{\nfont-size:15px;\n}\n<\/style>\n<div  class='av-special-heading av-2zyztc-2376defff2a65bc6499396457182a0dd av-special-heading-h3 blockquote modern-quote  avia-builder-el-1  el_before_av_one_half  avia-builder-el-first  av-inherit-size'><h3 class='av-special-heading-tag'  itemprop=\"headline\"  >Kontakt<\/h3><div class=\"special-heading-border\"><div class=\"special-heading-inner-border\"><\/div><\/div><\/div>\n\n<style type=\"text\/css\" data-created_by=\"avia_inline_auto\" id=\"style-css-av-11l40-82e3c972df9b8808fa1dd889d2902ee4\">\n.flex_column.av-11l40-82e3c972df9b8808fa1dd889d2902ee4{\nborder-radius:0px 0px 0px 0px;\n-webkit-border-radius:0px 0px 0px 0px;\n-moz-border-radius:0px 0px 0px 0px;\n}\n<\/style>\n<div class='flex_column av-11l40-82e3c972df9b8808fa1dd889d2902ee4 av_one_half  avia-builder-el-2  el_after_av_heading  el_before_av_one_half  first flex_column_div av-zero-column-padding '   ><form action=\"https:\/\/elecord.ee\/?page_id=632\" method=\"post\"  class=\"avia_ajax_form av-form-labels-hidden   avia-builder-el-3  avia-builder-el-no-sibling   \" data-avia-form-id=\"1\" data-avia-redirect='' ><fieldset><p class='  first_form  form_element form_element_half' id='element_avia_1_1'><label for=\"avia_1_1\">Nimi <abbr class=\"required\" title=\"required\">*<\/abbr><\/label> <input name=\"avia_1_1\" class=\"text_input is_empty\" type=\"text\" id=\"avia_1_1\" value=\"\"  placeholder='Nimi*'\/><\/p><p class='  form_element form_element_half' id='element_avia_2_1'><label for=\"avia_2_1\">E-Mail <abbr class=\"required\" title=\"required\">*<\/abbr><\/label> <input name=\"avia_2_1\" class=\"text_input is_email\" type=\"text\" id=\"avia_2_1\" value=\"\"  placeholder='E-Mail*'\/><\/p><p class='  first_form  form_element form_fullwidth' id='element_avia_3_1'><label for=\"avia_3_1\">Telefon <abbr class=\"required\" title=\"required\">*<\/abbr><\/label> <input name=\"avia_3_1\" class=\"text_input is_phone\" type=\"text\" id=\"avia_3_1\" value=\"\"  placeholder='Telefon*'\/><\/p><p class='  first_form  form_element form_fullwidth' id='element_avia_4_1'><label for=\"avia_4_1\">Teema <abbr class=\"required\" title=\"required\">*<\/abbr><\/label><select  name=\"avia_4_1\" class=\"select is_empty\" id=\"avia_4_1\"><option  value =''>Teema*<\/option><option  value ='Valvekaamerad'>Valvekaamerad<\/option><option  value ='Fono- ja l\u00e4bip\u00e4\u00e4sus\u00fcsteemid'>Fono- ja l\u00e4bip\u00e4\u00e4sus\u00fcsteemid<\/option><\/select><\/p><p class='  first_form  form_element form_fullwidth av-last-visible-form-element' id='element_avia_5_1'><label for=\"avia_5_1\" class=\"textare_label hidden textare_label_avia_5_1\">S\u00f5num <abbr class=\"required\" title=\"required\">*<\/abbr><\/label><textarea  placeholder='S\u00f5num*' name=\"avia_5_1\" class=\"text_area is_empty\" cols=\"40\" rows=\"7\" id=\"avia_5_1\" ><\/textarea><\/p><p class=\"hidden\"><input type=\"text\" name=\"avia_6_1\" class=\"hidden \" id=\"avia_6_1\" value=\"\" \/><\/p><p class=\"form_element \"><input type=\"hidden\" value=\"1\" name=\"avia_generated_form1\" \/><input type=\"submit\" value=\"Saada\" class=\"button\"  data-sending-label=\"Sending\"\/><\/p><\/fieldset><\/form><div id=\"ajaxresponse_1\" class=\"ajaxresponse ajaxresponse_1 hidden\"><\/div><\/div>\n<style type=\"text\/css\" data-created_by=\"avia_inline_auto\" id=\"style-css-av-1wupig-9ea2be53e8051a5dead155dfb0aecb09\">\n.flex_column.av-1wupig-9ea2be53e8051a5dead155dfb0aecb09{\nborder-radius:0px 0px 0px 0px;\n-webkit-border-radius:0px 0px 0px 0px;\n-moz-border-radius:0px 0px 0px 0px;\n}\n<\/style>\n<div class='flex_column av-1wupig-9ea2be53e8051a5dead155dfb0aecb09 av_one_half  avia-builder-el-4  el_after_av_one_half  el_before_av_hr  flex_column_div av-zero-column-padding '   ><style type=\"text\/css\" data-created_by=\"avia_inline_auto\" id=\"style-css-av-1shepc-d20278cf14de123c6bdb461ef5f27f10\">\n#top .av_textblock_section.av-1shepc-d20278cf14de123c6bdb461ef5f27f10 .avia_textblock{\ncolor:#0a0a0a;\n}\n<\/style>\n<section  class='av_textblock_section av-1shepc-d20278cf14de123c6bdb461ef5f27f10'  itemscope=\"itemscope\" itemtype=\"https:\/\/schema.org\/CreativeWork\" ><div class='avia_textblock av_inherit_color'  itemprop=\"text\" ><p><div  class='hr av-dsdbc-4a222c8069312f70c28dc568d8fa5c1f hr-short  avia-builder-el-6  el_before_av_hr  avia-builder-el-first  hr-left'><span class='hr-inner '><span class=\"hr-inner-style\"><\/span><\/span><\/div>Elecord O\u00dc<br \/>\nReg. kood: 16251419<br \/>\nKMKR nr. EE102381588<\/p>\n<div  class='hr av-8yeyw-f7d051eb8da729ca5d5eca97355af7e6 hr-short  avia-builder-el-7  el_after_av_hr  avia-builder-el-last  hr-left'><span class='hr-inner '><span class=\"hr-inner-style\"><\/span><\/span><\/div>\n<p>info@elecord.ee<br \/>\n+372 5567 2416<\/p>\n<h4><\/h4>\n<\/div><\/section><\/div>\n<style type=\"text\/css\" data-created_by=\"avia_inline_auto\" id=\"style-css-av-kzdtft8v-f6a021591b74e19fb0ba44c1a81db104\">\n#top .hr.hr-invisible.av-kzdtft8v-f6a021591b74e19fb0ba44c1a81db104{\nheight:165px;\n}\n<\/style>\n<div  class='hr av-kzdtft8v-f6a021591b74e19fb0ba44c1a81db104 hr-invisible  avia-builder-el-8  el_after_av_one_half  avia-builder-el-last '><span class='hr-inner '><span class=\"hr-inner-style\"><\/span><\/span><\/div>\n<\/div><\/div><\/main><!-- close content main element --><\/div><div class='av-extra-border-element border-extra-arrow-down'><div class='av-extra-border-outer'><div class='av-extra-border-inner'><\/div><\/div><\/div><\/div><div id='after_section_1'  class='main_color av_default_container_wrap container_wrap sidebar_right'  ><div class='container av-section-cont-open' ><div class='template-page content  av-content-small alpha units'><div class='post-entry post-entry-type-page post-entry-632'><div class='entry-content-wrapper clearfix'>\n","protected":false},"excerpt":{"rendered":"","protected":false},"author":1,"featured_media":0,"parent":0,"menu_order":0,"comment_status":"closed","ping_status":"closed","template":"","meta":{"footnotes":""},"class_list":["post-632","page","type-page","status-publish","hentry"],"_links":{"self":[{"href":"https:\/\/elecord.ee\/index.php?rest_route=\/wp\/v2\/pages\/632","targetHints":{"allow":["GET"]}}],"collection":[{"href":"https:\/\/elecord.ee\/index.php?rest_route=\/wp\/v2\/pages"}],"about":[{"href":"https:\/\/elecord.ee\/index.php?rest_route=\/wp\/v2\/types\/page"}],"author":[{"embeddable":true,"href":"https:\/\/elecord.ee\/index.php?rest_route=\/wp\/v2\/users\/1"}],"replies":[{"embeddable":true,"href":"https:\/\/elecord.ee\/index.php?rest_route=%2Fwp%2Fv2%2Fcomments&post=632"}],"version-history":[{"count":25,"href":"https:\/\/elecord.ee\/index.php?rest_route=\/wp\/v2\/pages\/632\/revisions"}],"predecessor-version":[{"id":3820,"href":"https:\/\/elecord.ee\/index.php?rest_route=\/wp\/v2\/pages\/632\/revisions\/3820"}],"wp:attachment":[{"href":"https:\/\/elecord.ee\/index.php?rest_route=%2Fwp%2Fv2%2Fmedia&parent=632"}],"curies":[{"name":"wp","href":"https:\/\/api.w.org\/{rel}","templated":true}]}}